{"id":9193,"date":"2024-10-04T11:31:19","date_gmt":"2024-10-04T14:31:19","guid":{"rendered":"https:\/\/colegiotantauco.cl\/ct2024\/?page_id=9193"},"modified":"2024-10-04T11:31:59","modified_gmt":"2024-10-04T14:31:59","slug":"trabaja-con-nosotros","status":"publish","type":"page","link":"https:\/\/colegiotantauco.cl\/ct2024\/trabaja-con-nosotros\/","title":{"rendered":"\u00a1Trabaja con nosotros!"},"content":{"rendered":"\n<blockquote class=\"wp-block-quote is-layout-flow wp-block-quote-is-layout-flow\">\n<p class=\"has-text-align-center\">\u00a1Se parte de los colegios de la Fundaci\u00f3n Arturo Merino Ben\u00edtez! Buscamos profesores de todas las \u00e1reas para el A\u00f1o Escolar 2025.<\/p>\n<\/blockquote>\n\n\n\n<p>Somos un colegio con 31 a\u00f1os de trayectoria, comprometido con la entrega de una educaci\u00f3n de excelencia.<\/p>\n\n\n\n<p>S\u00famate a nuestro Proyecto Educativo que ofrece un servicio de calidad, eficiente, innovador y en constante mejoramiento, con el prop\u00f3sito de que nuestros estudiantes adquieran una s\u00f3lida formaci\u00f3n humana y acad\u00e9mica, cimentada en valores cat\u00f3licos y patrios.<\/p>\n\n\n\n<p>Buscamos profesionales comprometidos con el quehacer pedag\u00f3gico y con el logro de los aprendizajes, privilegiamos el esp\u00edritu de servicio e inter\u00e9s en ser parte de nuestros colegios en un ambiente seguro y familiar.<\/p>\n\n\n\n<p>Invitamos a quienes quieran sumarse a nuestra comunidad educativa a enviar su CV actualizado al correo: <strong>rrhh@fundacionamb.cl<\/strong> , indicando claramente en el asunto del mail el cargo y el colegio al cual postulan.<\/p>\n\n\n\n<div style=\"height:30px\" aria-hidden=\"true\" class=\"wp-block-spacer\"><\/div>\n\n\n\n<figure class=\"wp-block-gallery has-nested-images columns-default is-cropped wp-block-gallery-1 is-layout-flex wp-block-gallery-is-layout-flex\">\n<figure class=\"wp-block-image size-large\"><img loading=\"lazy\" decoding=\"async\" width=\"1024\" height=\"683\" data-id=\"9195\" src=\"https:\/\/colegiotantauco.cl\/ct2024\/wp-content\/uploads\/2024\/10\/DSC_0067-1024x683.jpg\" alt=\"\" class=\"wp-image-9195\" srcset=\"https:\/\/colegiotantauco.cl\/ct2024\/wp-content\/uploads\/2024\/10\/DSC_0067-1024x683.jpg 1024w, https:\/\/colegiotantauco.cl\/ct2024\/wp-content\/uploads\/2024\/10\/DSC_0067-300x200.jpg 300w, https:\/\/colegiotantauco.cl\/ct2024\/wp-content\/uploads\/2024\/10\/DSC_0067-768x512.jpg 768w, https:\/\/colegiotantauco.cl\/ct2024\/wp-content\/uploads\/2024\/10\/DSC_0067-1536x1024.jpg 1536w, https:\/\/colegiotantauco.cl\/ct2024\/wp-content\/uploads\/2024\/10\/DSC_0067-2048x1365.jpg 2048w, https:\/\/colegiotantauco.cl\/ct2024\/wp-content\/uploads\/2024\/10\/DSC_0067-1500x1000.jpg 1500w\" sizes=\"auto, (max-width: 1024px) 100vw, 1024px\" \/><\/figure>\n\n\n\n<figure class=\"wp-block-image size-large\"><img loading=\"lazy\" decoding=\"async\" width=\"1024\" height=\"683\" data-id=\"8683\" src=\"https:\/\/colegiotantauco.cl\/ct2024\/wp-content\/uploads\/2024\/08\/DSC_0203-1024x683.jpg\" alt=\"\" class=\"wp-image-8683\" srcset=\"https:\/\/colegiotantauco.cl\/ct2024\/wp-content\/uploads\/2024\/08\/DSC_0203-1024x683.jpg 1024w, https:\/\/colegiotantauco.cl\/ct2024\/wp-content\/uploads\/2024\/08\/DSC_0203-300x200.jpg 300w, https:\/\/colegiotantauco.cl\/ct2024\/wp-content\/uploads\/2024\/08\/DSC_0203-768x512.jpg 768w, https:\/\/colegiotantauco.cl\/ct2024\/wp-content\/uploads\/2024\/08\/DSC_0203-1536x1024.jpg 1536w, https:\/\/colegiotantauco.cl\/ct2024\/wp-content\/uploads\/2024\/08\/DSC_0203-2048x1365.jpg 2048w, https:\/\/colegiotantauco.cl\/ct2024\/wp-content\/uploads\/2024\/08\/DSC_0203-1500x1000.jpg 1500w\" sizes=\"auto, (max-width: 1024px) 100vw, 1024px\" \/><\/figure>\n\n\n\n<figure class=\"wp-block-image size-large\"><img loading=\"lazy\" decoding=\"async\" width=\"1024\" height=\"683\" data-id=\"8571\" src=\"https:\/\/colegiotantauco.cl\/ct2024\/wp-content\/uploads\/2024\/07\/DSC_0110-1024x683.jpg\" alt=\"\" class=\"wp-image-8571\" srcset=\"https:\/\/colegiotantauco.cl\/ct2024\/wp-content\/uploads\/2024\/07\/DSC_0110-1024x683.jpg 1024w, https:\/\/colegiotantauco.cl\/ct2024\/wp-content\/uploads\/2024\/07\/DSC_0110-300x200.jpg 300w, https:\/\/colegiotantauco.cl\/ct2024\/wp-content\/uploads\/2024\/07\/DSC_0110-768x512.jpg 768w, https:\/\/colegiotantauco.cl\/ct2024\/wp-content\/uploads\/2024\/07\/DSC_0110-1536x1024.jpg 1536w, https:\/\/colegiotantauco.cl\/ct2024\/wp-content\/uploads\/2024\/07\/DSC_0110-2048x1365.jpg 2048w, https:\/\/colegiotantauco.cl\/ct2024\/wp-content\/uploads\/2024\/07\/DSC_0110-1500x1000.jpg 1500w\" sizes=\"auto, (max-width: 1024px) 100vw, 1024px\" \/><\/figure>\n<\/figure>\n\n\n\n<p><\/p>\n","protected":false},"excerpt":{"rendered":"<p>\u00a1Se parte de los colegios de la Fundaci\u00f3n Arturo Merino Ben\u00edtez! Buscamos profesores de todas las \u00e1reas para el A\u00f1o [&hellip;]<\/p>\n","protected":false},"author":2,"featured_media":0,"parent":0,"menu_order":0,"comment_status":"closed","ping_status":"closed","template":"","meta":{"footnotes":""},"class_list":["post-9193","page","type-page","status-publish","hentry"],"_links":{"self":[{"href":"https:\/\/colegiotantauco.cl\/ct2024\/wp-json\/wp\/v2\/pages\/9193","targetHints":{"allow":["GET"]}}],"collection":[{"href":"https:\/\/colegiotantauco.cl\/ct2024\/wp-json\/wp\/v2\/pages"}],"about":[{"href":"https:\/\/colegiotantauco.cl\/ct2024\/wp-json\/wp\/v2\/types\/page"}],"author":[{"embeddable":true,"href":"https:\/\/colegiotantauco.cl\/ct2024\/wp-json\/wp\/v2\/users\/2"}],"replies":[{"embeddable":true,"href":"https:\/\/colegiotantauco.cl\/ct2024\/wp-json\/wp\/v2\/comments?post=9193"}],"version-history":[{"count":4,"href":"https:\/\/colegiotantauco.cl\/ct2024\/wp-json\/wp\/v2\/pages\/9193\/revisions"}],"predecessor-version":[{"id":9200,"href":"https:\/\/colegiotantauco.cl\/ct2024\/wp-json\/wp\/v2\/pages\/9193\/revisions\/9200"}],"wp:attachment":[{"href":"https:\/\/colegiotantauco.cl\/ct2024\/wp-json\/wp\/v2\/media?parent=9193"}],"curies":[{"name":"wp","href":"https:\/\/api.w.org\/{rel}","templated":true}]}}