{"id":7510,"date":"2024-04-15T16:32:44","date_gmt":"2024-04-15T19:32:44","guid":{"rendered":"https:\/\/colegiotantauco.cl\/ct2024\/?page_id=7510"},"modified":"2024-04-18T16:19:47","modified_gmt":"2024-04-18T19:19:47","slug":"famb-estuvo-presente-en-la-fidae-2024","status":"publish","type":"page","link":"https:\/\/colegiotantauco.cl\/ct2024\/famb-estuvo-presente-en-la-fidae-2024\/","title":{"rendered":"FAMB estuvo presente en la FIDAE 2024"},"content":{"rendered":"\n<p><strong>La Fundaci\u00f3n Arturo Merino Ben\u00edtez fue parte de la Feria Aeroespacial l\u00edder en Am\u00e9rica Latina y que congreg\u00f3 a m\u00e1s de 100 mil asistentes<\/strong>&nbsp;<strong>en el Grupo 10 de la FACH en Pudahuel.<\/strong><\/p>\n\n\n\n<p>Desde el martes 9 al domingo 14 de abril se desarroll\u00f3 la Feria Internacional del Aire y del Espacio (FIDAE) 2024, evento aeron\u00e1utico organizado por la Fuerza A\u00e9rea de Chile, que busc\u00f3 fortalecer la industria aeron\u00e1utica y espacial, promoviendo el desarrollo tecnol\u00f3gico y la cooperaci\u00f3n internacional, adem\u00e1s de acercar la aviaci\u00f3n a la comunidad, a trav\u00e9s de exhibiciones a\u00e9reas y distintos stands, dentro de los cuales estuvo presente la Fundaci\u00f3n Arturo Merino Ben\u00edtez con sus colegios Tantauco El Bosque y Nuestra Se\u00f1ora de Loreto.<\/p>\n\n\n\n<p>Mediante esta instancia en la que miles de asistentes llegaron hasta el Grupo 10 de la FACH, nuestra Fundaci\u00f3n pudo dar a conocer su Proyecto Educativo y su misi\u00f3n institucional, informando a las familias los requisitos de postulaci\u00f3n para los colegios Tantauco El Bosque y Nuestra Se\u00f1ora de Loreto, entregando toda la informaci\u00f3n necesaria para quienes desean ser parte del proceso de Admisi\u00f3n 2025.<\/p>\n\n\n\n<p>Quienes visitaron la FIDAE pudieron conocer las grandes ventajas que los colegios de la FAMB tienen para sus hijos, como son: las amplias \u00e1reas deportivas y canchas de c\u00e9sped, los talleres gratuitos , la sana convivencia escolar, las 6 horas de Ingl\u00e9s Intensivo semanales desde Pre K\u00ednder y la Certificaci\u00f3n Internacional gratuita que ofrecen en los 2 niveles de la Etapa Escolar.<\/p>\n\n\n\n<p>El proyecto educativo de la FAMB no s\u00f3lo busca impartir conocimientos te\u00f3ricos, sino tambi\u00e9n promover valores como el liderazgo, la innovaci\u00f3n y el compromiso social entre las nuevas generaciones, inspir\u00e1ndolas a seguir las carreras de su inter\u00e9s, as\u00ed como tambi\u00e9n las vinculadas a la ciencia, la tecnolog\u00eda, la ingenier\u00eda y las matem\u00e1ticas (STEM, por sus siglas en ingl\u00e9s).<\/p>\n\n\n\n<p>Sin lugar a dudas una jornada exitosa, donde el trabajo que realizan los colegios Tantauco El Bosque y Nuestra Se\u00f1ora de Loreto, en busca de la excelencia acad\u00e9mica, con una formaci\u00f3n val\u00f3rica y en un entorno familiar, se mostr\u00f3 en su amplia dimensi\u00f3n, dando cuenta de su labor y compromiso al servicio de la educaci\u00f3n de nuestro pa\u00eds.<\/p>\n\n\n\n<div style=\"height:20px\" aria-hidden=\"true\" class=\"wp-block-spacer\"><\/div>\n\n\n\n<figure class=\"wp-block-gallery has-nested-images columns-default is-cropped wp-block-gallery-1 is-layout-flex wp-block-gallery-is-layout-flex\">\n<figure class=\"wp-block-image size-full\"><img loading=\"lazy\" decoding=\"async\" width=\"2560\" height=\"1707\" data-id=\"7512\" src=\"https:\/\/colegiotantauco.cl\/ct2024\/wp-content\/uploads\/2024\/04\/DSC_0419-scaled.jpg\" alt=\"\" class=\"wp-image-7512\" srcset=\"https:\/\/colegiotantauco.cl\/ct2024\/wp-content\/uploads\/2024\/04\/DSC_0419-scaled.jpg 2560w, https:\/\/colegiotantauco.cl\/ct2024\/wp-content\/uploads\/2024\/04\/DSC_0419-300x200.jpg 300w, https:\/\/colegiotantauco.cl\/ct2024\/wp-content\/uploads\/2024\/04\/DSC_0419-1024x683.jpg 1024w, https:\/\/colegiotantauco.cl\/ct2024\/wp-content\/uploads\/2024\/04\/DSC_0419-768x512.jpg 768w, https:\/\/colegiotantauco.cl\/ct2024\/wp-content\/uploads\/2024\/04\/DSC_0419-1536x1024.jpg 1536w, https:\/\/colegiotantauco.cl\/ct2024\/wp-content\/uploads\/2024\/04\/DSC_0419-2048x1365.jpg 2048w, https:\/\/colegiotantauco.cl\/ct2024\/wp-content\/uploads\/2024\/04\/DSC_0419-1500x1000.jpg 1500w\" sizes=\"auto, (max-width: 2560px) 100vw, 2560px\" \/><\/figure>\n\n\n\n<figure class=\"wp-block-image size-full\"><img loading=\"lazy\" decoding=\"async\" width=\"2560\" height=\"1707\" data-id=\"7520\" src=\"https:\/\/colegiotantauco.cl\/ct2024\/wp-content\/uploads\/2024\/04\/DSC_0440-1-scaled.jpg\" alt=\"\" class=\"wp-image-7520\" srcset=\"https:\/\/colegiotantauco.cl\/ct2024\/wp-content\/uploads\/2024\/04\/DSC_0440-1-scaled.jpg 2560w, https:\/\/colegiotantauco.cl\/ct2024\/wp-content\/uploads\/2024\/04\/DSC_0440-1-300x200.jpg 300w, https:\/\/colegiotantauco.cl\/ct2024\/wp-content\/uploads\/2024\/04\/DSC_0440-1-1024x683.jpg 1024w, https:\/\/colegiotantauco.cl\/ct2024\/wp-content\/uploads\/2024\/04\/DSC_0440-1-768x512.jpg 768w, https:\/\/colegiotantauco.cl\/ct2024\/wp-content\/uploads\/2024\/04\/DSC_0440-1-1536x1024.jpg 1536w, https:\/\/colegiotantauco.cl\/ct2024\/wp-content\/uploads\/2024\/04\/DSC_0440-1-2048x1365.jpg 2048w, https:\/\/colegiotantauco.cl\/ct2024\/wp-content\/uploads\/2024\/04\/DSC_0440-1-1500x1000.jpg 1500w\" sizes=\"auto, (max-width: 2560px) 100vw, 2560px\" \/><\/figure>\n\n\n\n<figure class=\"wp-block-image size-full\"><img loading=\"lazy\" decoding=\"async\" width=\"2560\" height=\"1707\" data-id=\"7521\" src=\"https:\/\/colegiotantauco.cl\/ct2024\/wp-content\/uploads\/2024\/04\/DSC_0519-scaled.jpg\" alt=\"\" class=\"wp-image-7521\" srcset=\"https:\/\/colegiotantauco.cl\/ct2024\/wp-content\/uploads\/2024\/04\/DSC_0519-scaled.jpg 2560w, https:\/\/colegiotantauco.cl\/ct2024\/wp-content\/uploads\/2024\/04\/DSC_0519-300x200.jpg 300w, https:\/\/colegiotantauco.cl\/ct2024\/wp-content\/uploads\/2024\/04\/DSC_0519-1024x683.jpg 1024w, https:\/\/colegiotantauco.cl\/ct2024\/wp-content\/uploads\/2024\/04\/DSC_0519-768x512.jpg 768w, https:\/\/colegiotantauco.cl\/ct2024\/wp-content\/uploads\/2024\/04\/DSC_0519-1536x1024.jpg 1536w, https:\/\/colegiotantauco.cl\/ct2024\/wp-content\/uploads\/2024\/04\/DSC_0519-2048x1365.jpg 2048w, https:\/\/colegiotantauco.cl\/ct2024\/wp-content\/uploads\/2024\/04\/DSC_0519-1500x1000.jpg 1500w\" sizes=\"auto, (max-width: 2560px) 100vw, 2560px\" \/><\/figure>\n\n\n\n<figure class=\"wp-block-image size-full\"><img loading=\"lazy\" decoding=\"async\" width=\"2560\" height=\"1707\" data-id=\"7522\" src=\"https:\/\/colegiotantauco.cl\/ct2024\/wp-content\/uploads\/2024\/04\/DSC_0520-scaled.jpg\" alt=\"\" class=\"wp-image-7522\" srcset=\"https:\/\/colegiotantauco.cl\/ct2024\/wp-content\/uploads\/2024\/04\/DSC_0520-scaled.jpg 2560w, https:\/\/colegiotantauco.cl\/ct2024\/wp-content\/uploads\/2024\/04\/DSC_0520-300x200.jpg 300w, https:\/\/colegiotantauco.cl\/ct2024\/wp-content\/uploads\/2024\/04\/DSC_0520-1024x683.jpg 1024w, https:\/\/colegiotantauco.cl\/ct2024\/wp-content\/uploads\/2024\/04\/DSC_0520-768x512.jpg 768w, https:\/\/colegiotantauco.cl\/ct2024\/wp-content\/uploads\/2024\/04\/DSC_0520-1536x1024.jpg 1536w, https:\/\/colegiotantauco.cl\/ct2024\/wp-content\/uploads\/2024\/04\/DSC_0520-2048x1365.jpg 2048w, https:\/\/colegiotantauco.cl\/ct2024\/wp-content\/uploads\/2024\/04\/DSC_0520-1500x1000.jpg 1500w\" sizes=\"auto, (max-width: 2560px) 100vw, 2560px\" \/><\/figure>\n\n\n\n<figure class=\"wp-block-image size-full\"><img loading=\"lazy\" decoding=\"async\" width=\"2560\" height=\"1707\" data-id=\"7523\" src=\"https:\/\/colegiotantauco.cl\/ct2024\/wp-content\/uploads\/2024\/04\/DSC_0049-scaled.jpg\" alt=\"\" class=\"wp-image-7523\" srcset=\"https:\/\/colegiotantauco.cl\/ct2024\/wp-content\/uploads\/2024\/04\/DSC_0049-scaled.jpg 2560w, https:\/\/colegiotantauco.cl\/ct2024\/wp-content\/uploads\/2024\/04\/DSC_0049-300x200.jpg 300w, https:\/\/colegiotantauco.cl\/ct2024\/wp-content\/uploads\/2024\/04\/DSC_0049-1024x683.jpg 1024w, https:\/\/colegiotantauco.cl\/ct2024\/wp-content\/uploads\/2024\/04\/DSC_0049-768x512.jpg 768w, https:\/\/colegiotantauco.cl\/ct2024\/wp-content\/uploads\/2024\/04\/DSC_0049-1536x1024.jpg 1536w, https:\/\/colegiotantauco.cl\/ct2024\/wp-content\/uploads\/2024\/04\/DSC_0049-2048x1365.jpg 2048w, https:\/\/colegiotantauco.cl\/ct2024\/wp-content\/uploads\/2024\/04\/DSC_0049-1500x1000.jpg 1500w\" sizes=\"auto, (max-width: 2560px) 100vw, 2560px\" \/><\/figure>\n\n\n\n<figure class=\"wp-block-image size-full\"><img loading=\"lazy\" decoding=\"async\" width=\"2560\" height=\"1707\" data-id=\"7524\" src=\"https:\/\/colegiotantauco.cl\/ct2024\/wp-content\/uploads\/2024\/04\/DSC_0052-scaled.jpg\" alt=\"\" class=\"wp-image-7524\" srcset=\"https:\/\/colegiotantauco.cl\/ct2024\/wp-content\/uploads\/2024\/04\/DSC_0052-scaled.jpg 2560w, https:\/\/colegiotantauco.cl\/ct2024\/wp-content\/uploads\/2024\/04\/DSC_0052-300x200.jpg 300w, https:\/\/colegiotantauco.cl\/ct2024\/wp-content\/uploads\/2024\/04\/DSC_0052-1024x683.jpg 1024w, https:\/\/colegiotantauco.cl\/ct2024\/wp-content\/uploads\/2024\/04\/DSC_0052-768x512.jpg 768w, https:\/\/colegiotantauco.cl\/ct2024\/wp-content\/uploads\/2024\/04\/DSC_0052-1536x1024.jpg 1536w, https:\/\/colegiotantauco.cl\/ct2024\/wp-content\/uploads\/2024\/04\/DSC_0052-2048x1365.jpg 2048w, https:\/\/colegiotantauco.cl\/ct2024\/wp-content\/uploads\/2024\/04\/DSC_0052-1500x1000.jpg 1500w\" sizes=\"auto, (max-width: 2560px) 100vw, 2560px\" \/><\/figure>\n\n\n\n<figure class=\"wp-block-image size-full\"><img loading=\"lazy\" decoding=\"async\" width=\"2560\" height=\"1707\" data-id=\"7525\" src=\"https:\/\/colegiotantauco.cl\/ct2024\/wp-content\/uploads\/2024\/04\/DSC_0015-scaled.jpg\" alt=\"\" class=\"wp-image-7525\" srcset=\"https:\/\/colegiotantauco.cl\/ct2024\/wp-content\/uploads\/2024\/04\/DSC_0015-scaled.jpg 2560w, https:\/\/colegiotantauco.cl\/ct2024\/wp-content\/uploads\/2024\/04\/DSC_0015-300x200.jpg 300w, https:\/\/colegiotantauco.cl\/ct2024\/wp-content\/uploads\/2024\/04\/DSC_0015-1024x683.jpg 1024w, https:\/\/colegiotantauco.cl\/ct2024\/wp-content\/uploads\/2024\/04\/DSC_0015-768x512.jpg 768w, https:\/\/colegiotantauco.cl\/ct2024\/wp-content\/uploads\/2024\/04\/DSC_0015-1536x1024.jpg 1536w, https:\/\/colegiotantauco.cl\/ct2024\/wp-content\/uploads\/2024\/04\/DSC_0015-2048x1365.jpg 2048w, https:\/\/colegiotantauco.cl\/ct2024\/wp-content\/uploads\/2024\/04\/DSC_0015-1500x1000.jpg 1500w\" sizes=\"auto, (max-width: 2560px) 100vw, 2560px\" \/><\/figure>\n\n\n\n<figure class=\"wp-block-image size-full\"><img loading=\"lazy\" decoding=\"async\" width=\"2560\" height=\"1707\" data-id=\"7526\" src=\"https:\/\/colegiotantauco.cl\/ct2024\/wp-content\/uploads\/2024\/04\/DSC_0060-scaled.jpg\" alt=\"\" class=\"wp-image-7526\" srcset=\"https:\/\/colegiotantauco.cl\/ct2024\/wp-content\/uploads\/2024\/04\/DSC_0060-scaled.jpg 2560w, https:\/\/colegiotantauco.cl\/ct2024\/wp-content\/uploads\/2024\/04\/DSC_0060-300x200.jpg 300w, https:\/\/colegiotantauco.cl\/ct2024\/wp-content\/uploads\/2024\/04\/DSC_0060-1024x683.jpg 1024w, https:\/\/colegiotantauco.cl\/ct2024\/wp-content\/uploads\/2024\/04\/DSC_0060-768x512.jpg 768w, https:\/\/colegiotantauco.cl\/ct2024\/wp-content\/uploads\/2024\/04\/DSC_0060-1536x1024.jpg 1536w, https:\/\/colegiotantauco.cl\/ct2024\/wp-content\/uploads\/2024\/04\/DSC_0060-2048x1365.jpg 2048w, https:\/\/colegiotantauco.cl\/ct2024\/wp-content\/uploads\/2024\/04\/DSC_0060-1500x1000.jpg 1500w\" sizes=\"auto, (max-width: 2560px) 100vw, 2560px\" \/><\/figure>\n<\/figure>\n\n\n\n<div style=\"height:20px\" aria-hidden=\"true\" class=\"wp-block-spacer\"><\/div>\n\n\n\n<figure class=\"wp-block-gallery has-nested-images columns-default is-cropped wp-block-gallery-2 is-layout-flex wp-block-gallery-is-layout-flex\">\n<figure class=\"wp-block-image size-large\"><img loading=\"lazy\" decoding=\"async\" width=\"1024\" height=\"683\" data-id=\"7527\" src=\"https:\/\/colegiotantauco.cl\/ct2024\/wp-content\/uploads\/2024\/04\/DSC_0012-1024x683.jpg\" alt=\"\" class=\"wp-image-7527\" srcset=\"https:\/\/colegiotantauco.cl\/ct2024\/wp-content\/uploads\/2024\/04\/DSC_0012-1024x683.jpg 1024w, https:\/\/colegiotantauco.cl\/ct2024\/wp-content\/uploads\/2024\/04\/DSC_0012-300x200.jpg 300w, https:\/\/colegiotantauco.cl\/ct2024\/wp-content\/uploads\/2024\/04\/DSC_0012-768x512.jpg 768w, https:\/\/colegiotantauco.cl\/ct2024\/wp-content\/uploads\/2024\/04\/DSC_0012-1536x1024.jpg 1536w, https:\/\/colegiotantauco.cl\/ct2024\/wp-content\/uploads\/2024\/04\/DSC_0012-2048x1365.jpg 2048w, https:\/\/colegiotantauco.cl\/ct2024\/wp-content\/uploads\/2024\/04\/DSC_0012-1500x1000.jpg 1500w\" sizes=\"auto, (max-width: 1024px) 100vw, 1024px\" \/><\/figure>\n\n\n\n<figure class=\"wp-block-image size-large\"><img loading=\"lazy\" decoding=\"async\" width=\"1024\" height=\"683\" data-id=\"7528\" src=\"https:\/\/colegiotantauco.cl\/ct2024\/wp-content\/uploads\/2024\/04\/DSC_0058-1024x683.jpg\" alt=\"\" class=\"wp-image-7528\" srcset=\"https:\/\/colegiotantauco.cl\/ct2024\/wp-content\/uploads\/2024\/04\/DSC_0058-1024x683.jpg 1024w, https:\/\/colegiotantauco.cl\/ct2024\/wp-content\/uploads\/2024\/04\/DSC_0058-300x200.jpg 300w, https:\/\/colegiotantauco.cl\/ct2024\/wp-content\/uploads\/2024\/04\/DSC_0058-768x512.jpg 768w, https:\/\/colegiotantauco.cl\/ct2024\/wp-content\/uploads\/2024\/04\/DSC_0058-1536x1024.jpg 1536w, https:\/\/colegiotantauco.cl\/ct2024\/wp-content\/uploads\/2024\/04\/DSC_0058-2048x1365.jpg 2048w, https:\/\/colegiotantauco.cl\/ct2024\/wp-content\/uploads\/2024\/04\/DSC_0058-1500x1000.jpg 1500w\" sizes=\"auto, (max-width: 1024px) 100vw, 1024px\" \/><\/figure>\n<\/figure>\n\n\n\n<p><\/p>\n","protected":false},"excerpt":{"rendered":"<p>La Fundaci\u00f3n Arturo Merino Ben\u00edtez fue parte de la Feria Aeroespacial l\u00edder en Am\u00e9rica Latina y que congreg\u00f3 a m\u00e1s [&hellip;]<\/p>\n","protected":false},"author":2,"featured_media":7519,"parent":0,"menu_order":0,"comment_status":"closed","ping_status":"closed","template":"","meta":{"footnotes":""},"class_list":["post-7510","page","type-page","status-publish","has-post-thumbnail","hentry"],"_links":{"self":[{"href":"https:\/\/colegiotantauco.cl\/ct2024\/wp-json\/wp\/v2\/pages\/7510","targetHints":{"allow":["GET"]}}],"collection":[{"href":"https:\/\/colegiotantauco.cl\/ct2024\/wp-json\/wp\/v2\/pages"}],"about":[{"href":"https:\/\/colegiotantauco.cl\/ct2024\/wp-json\/wp\/v2\/types\/page"}],"author":[{"embeddable":true,"href":"https:\/\/colegiotantauco.cl\/ct2024\/wp-json\/wp\/v2\/users\/2"}],"replies":[{"embeddable":true,"href":"https:\/\/colegiotantauco.cl\/ct2024\/wp-json\/wp\/v2\/comments?post=7510"}],"version-history":[{"count":5,"href":"https:\/\/colegiotantauco.cl\/ct2024\/wp-json\/wp\/v2\/pages\/7510\/revisions"}],"predecessor-version":[{"id":7551,"href":"https:\/\/colegiotantauco.cl\/ct2024\/wp-json\/wp\/v2\/pages\/7510\/revisions\/7551"}],"wp:featuredmedia":[{"embeddable":true,"href":"https:\/\/colegiotantauco.cl\/ct2024\/wp-json\/wp\/v2\/media\/7519"}],"wp:attachment":[{"href":"https:\/\/colegiotantauco.cl\/ct2024\/wp-json\/wp\/v2\/media?parent=7510"}],"curies":[{"name":"wp","href":"https:\/\/api.w.org\/{rel}","templated":true}]}}