{"id":7226,"date":"2024-03-19T16:25:23","date_gmt":"2024-03-19T19:25:23","guid":{"rendered":"https:\/\/colegiotantauco.cl\/ct2024\/?page_id=7226"},"modified":"2024-12-17T10:43:32","modified_gmt":"2024-12-17T13:43:32","slug":"aranceles","status":"publish","type":"page","link":"https:\/\/colegiotantauco.cl\/ct2024\/aranceles\/","title":{"rendered":"Aranceles"},"content":{"rendered":"\n<blockquote class=\"wp-block-quote is-layout-flow wp-block-quote-is-layout-flow\">\n<p><em>A continuaci\u00f3n se detallan los valores de colegiatura que se pagan en UF. de 10 cuotas iguales, de marzo a diciembre, que corresponden al \u00edtem \u201c<strong>Particular<\/strong>\u201d (cualquier persona que quiera postular a nuestro colegio).<\/em><\/p>\n<\/blockquote>\n\n\n\n<p><\/p>\n\n\n\n<div style=\"height:20px\" aria-hidden=\"true\" class=\"wp-block-spacer\"><\/div>\n\n\n<div class=\"wp-block-image\">\n<figure class=\"aligncenter size-full is-resized\"><img loading=\"lazy\" decoding=\"async\" width=\"782\" height=\"506\" src=\"https:\/\/colegiotantauco.cl\/ct2024\/wp-content\/uploads\/2024\/04\/Ashampoo_Snap_jueves-4-de-abril-de-2024_10h37m53s_005_Chrome-Legacy-Window.png\" alt=\"\" class=\"wp-image-7401\" style=\"width:710px;height:auto\" srcset=\"https:\/\/colegiotantauco.cl\/ct2024\/wp-content\/uploads\/2024\/04\/Ashampoo_Snap_jueves-4-de-abril-de-2024_10h37m53s_005_Chrome-Legacy-Window.png 782w, https:\/\/colegiotantauco.cl\/ct2024\/wp-content\/uploads\/2024\/04\/Ashampoo_Snap_jueves-4-de-abril-de-2024_10h37m53s_005_Chrome-Legacy-Window-300x194.png 300w, https:\/\/colegiotantauco.cl\/ct2024\/wp-content\/uploads\/2024\/04\/Ashampoo_Snap_jueves-4-de-abril-de-2024_10h37m53s_005_Chrome-Legacy-Window-768x497.png 768w\" sizes=\"auto, (max-width: 782px) 100vw, 782px\" \/><\/figure>\n<\/div>\n\n\n<div style=\"height:20px\" aria-hidden=\"true\" class=\"wp-block-spacer\"><\/div>\n\n\n\n<p>La&nbsp;<strong>Beca Tipo A&nbsp;<\/strong>corresponde a un descuento en los aranceles que se realiza a hijos de funcionarios de la Fuerza A\u00e9rea.<\/p>\n\n\n\n<p>La&nbsp;<strong>Beca Tipo B<\/strong>&nbsp;corresponde a un descuento en los aranceles que se realiza a los hijos de funcionarios de otras instituciones con convenio como son: Ej\u00e9rcito, Armada, Carabineros, Polic\u00eda de Investigaciones, Direcci\u00f3n General de Aeron\u00e1utica Civil, Hospital Cl\u00ednico de la FACH, Enaer, DTS y Universidad de Los Andes. As\u00ed como tambi\u00e9n, hijos del Personal en Retiro de la FACH y nietos del Personal en Retiro de la FACH.<\/p>\n\n\n\n<p>En el siguiente Reglamento se encuentra la informaci\u00f3n respecto a la descripci\u00f3n y detalle de cada una de las Becas que se se\u00f1alan en el recuadro de Aranceles:<\/p>\n\n\n\n<div style=\"height:20px\" aria-hidden=\"true\" class=\"wp-block-spacer\"><\/div>\n\n\n\n<div class=\"wp-block-buttons is-content-justification-center is-layout-flex wp-container-core-buttons-is-layout-16018d1d wp-block-buttons-is-layout-flex\">\n<div class=\"wp-block-button\"><a class=\"wp-block-button__link wp-element-button\" href=\"https:\/\/colegiotantauco.cl\/ct2024\/wp-content\/uploads\/2024\/12\/REGLAMENTO-BECAS-COLEGIOS-FAMB-2023-1.pdf\" target=\"_blank\" rel=\"noreferrer noopener\">Reglamento de Becas Fundaci\u00f3n Arturo Merino Ben\u00edtez<\/a><\/div>\n<\/div>\n\n\n\n<div style=\"height:20px\" aria-hidden=\"true\" class=\"wp-block-spacer\"><\/div>\n\n\n\n<div class=\"wp-block-buttons is-content-justification-center is-layout-flex wp-container-core-buttons-is-layout-16018d1d wp-block-buttons-is-layout-flex\">\n<div class=\"wp-block-button\"><a class=\"wp-block-button__link wp-element-button\" href=\"https:\/\/colegiotantauco.cl\/ct2024\/wp-content\/uploads\/2024\/05\/CIRCULAR-SEGURO-TANTAUCO-EL-BOSQUE-2024.pdf\">Circular: Seguro de Vida Escolaridad Sostenedor Econ\u00f3mico<\/a><\/div>\n<\/div>\n\n\n\n<div style=\"height:20px\" aria-hidden=\"true\" class=\"wp-block-spacer\"><\/div>\n\n\n\n<p class=\"has-medium-font-size\"><strong>Oficina de Finanzas: <\/strong><\/p>\n\n\n\n<ul class=\"wp-block-list\">\n<li>Encargada: Dalianny Y\u00e9pez &#8211; daliannyyepez@fundacionamb.cl<\/li>\n<\/ul>\n\n\n\n<ul class=\"wp-block-list\">\n<li>Tel\u00e9fono: +(569)73409952<\/li>\n<\/ul>\n\n\n\n<ul class=\"wp-block-list\">\n<li>Mail: finanzastantauco@fundacionamb.cl<\/li>\n<\/ul>\n\n\n\n<ul class=\"wp-block-list\">\n<li>Datos transferencia para pagos de colegiatura:<\/li>\n<\/ul>\n\n\n\n<p class=\"has-small-font-size\"><strong>FUNDACI\u00d3N ARTURO MERINO BEN\u00cdTEZ<\/strong><\/p>\n\n\n\n<p class=\"has-small-font-size\"><strong>RUT: 72.346.800-0<\/strong><\/p>\n\n\n\n<p class=\"has-small-font-size\"><strong>CUENTA CORRIENTE: 85046086<\/strong><\/p>\n\n\n\n<p class=\"has-small-font-size\"><strong>BANCO CR\u00c9DITO E INVERSIONES<\/strong><\/p>\n\n\n\n<p class=\"has-small-font-size\"><strong>MAIL: <a href=\"mailto:finanzasloreto@fundacionamb.cl\">finanzastantauco@fundacionamb.cl<\/a><\/strong><\/p>\n","protected":false},"excerpt":{"rendered":"<p>A continuaci\u00f3n se detallan los valores de colegiatura que se pagan en UF. de 10 cuotas iguales, de marzo a [&hellip;]<\/p>\n","protected":false},"author":2,"featured_media":0,"parent":0,"menu_order":0,"comment_status":"closed","ping_status":"closed","template":"","meta":{"footnotes":""},"class_list":["post-7226","page","type-page","status-publish","hentry"],"_links":{"self":[{"href":"https:\/\/colegiotantauco.cl\/ct2024\/wp-json\/wp\/v2\/pages\/7226","targetHints":{"allow":["GET"]}}],"collection":[{"href":"https:\/\/colegiotantauco.cl\/ct2024\/wp-json\/wp\/v2\/pages"}],"about":[{"href":"https:\/\/colegiotantauco.cl\/ct2024\/wp-json\/wp\/v2\/types\/page"}],"author":[{"embeddable":true,"href":"https:\/\/colegiotantauco.cl\/ct2024\/wp-json\/wp\/v2\/users\/2"}],"replies":[{"embeddable":true,"href":"https:\/\/colegiotantauco.cl\/ct2024\/wp-json\/wp\/v2\/comments?post=7226"}],"version-history":[{"count":5,"href":"https:\/\/colegiotantauco.cl\/ct2024\/wp-json\/wp\/v2\/pages\/7226\/revisions"}],"predecessor-version":[{"id":10625,"href":"https:\/\/colegiotantauco.cl\/ct2024\/wp-json\/wp\/v2\/pages\/7226\/revisions\/10625"}],"wp:attachment":[{"href":"https:\/\/colegiotantauco.cl\/ct2024\/wp-json\/wp\/v2\/media?parent=7226"}],"curies":[{"name":"wp","href":"https:\/\/api.w.org\/{rel}","templated":true}]}}