{"id":7179,"date":"2024-03-14T09:55:39","date_gmt":"2024-03-14T12:55:39","guid":{"rendered":"https:\/\/colegiotantauco.cl\/ct2024\/?page_id=7179"},"modified":"2024-05-29T16:58:32","modified_gmt":"2024-05-29T19:58:32","slug":"ex-alumnos","status":"publish","type":"page","link":"https:\/\/colegiotantauco.cl\/ct2024\/ex-alumnos\/","title":{"rendered":"Ex Alumnos"},"content":{"rendered":"\n<p>Nuestros egresados son un orgullo y muestra permanente de nuestro sello caracter\u00edstico como Colegio Tantauco El Bosque. Cada uno de ellos muestra la impronta de nuestros valores y de una vida de aprendizaje y v\u00ednculos que recuerdan con alegr\u00eda cuando regresan a nuestros patios o vuelven a su colegio como apoderados.<\/p>\n\n\n\n<p>Por esta raz\u00f3n, buscamos consolidar y fortalecer d\u00eda a d\u00eda nuestra relaci\u00f3n con ellos, quienes agrupados a trav\u00e9s del Centro de Ex estudiantes son parte fundamental en la construcci\u00f3n de nuestra identidad mediante actividades que re\u00fanen a egresados de todas las generaciones.<\/p>\n","protected":false},"excerpt":{"rendered":"<p>Nuestros egresados son un orgullo y muestra permanente de nuestro sello caracter\u00edstico como Colegio Tantauco El Bosque. Cada uno de [&hellip;]<\/p>\n","protected":false},"author":2,"featured_media":0,"parent":0,"menu_order":0,"comment_status":"closed","ping_status":"closed","template":"","meta":{"footnotes":""},"class_list":["post-7179","page","type-page","status-publish","hentry"],"_links":{"self":[{"href":"https:\/\/colegiotantauco.cl\/ct2024\/wp-json\/wp\/v2\/pages\/7179","targetHints":{"allow":["GET"]}}],"collection":[{"href":"https:\/\/colegiotantauco.cl\/ct2024\/wp-json\/wp\/v2\/pages"}],"about":[{"href":"https:\/\/colegiotantauco.cl\/ct2024\/wp-json\/wp\/v2\/types\/page"}],"author":[{"embeddable":true,"href":"https:\/\/colegiotantauco.cl\/ct2024\/wp-json\/wp\/v2\/users\/2"}],"replies":[{"embeddable":true,"href":"https:\/\/colegiotantauco.cl\/ct2024\/wp-json\/wp\/v2\/comments?post=7179"}],"version-history":[{"count":4,"href":"https:\/\/colegiotantauco.cl\/ct2024\/wp-json\/wp\/v2\/pages\/7179\/revisions"}],"predecessor-version":[{"id":8074,"href":"https:\/\/colegiotantauco.cl\/ct2024\/wp-json\/wp\/v2\/pages\/7179\/revisions\/8074"}],"wp:attachment":[{"href":"https:\/\/colegiotantauco.cl\/ct2024\/wp-json\/wp\/v2\/media?parent=7179"}],"curies":[{"name":"wp","href":"https:\/\/api.w.org\/{rel}","templated":true}]}}