{"id":6965,"date":"2024-01-23T14:42:37","date_gmt":"2024-01-23T17:42:37","guid":{"rendered":"https:\/\/colegiotantauco.cl\/ct2024\/?page_id=6965"},"modified":"2026-04-01T08:55:34","modified_gmt":"2026-04-01T11:55:34","slug":"admision-2023","status":"publish","type":"page","link":"https:\/\/colegiotantauco.cl\/ct2024\/admision-2023\/","title":{"rendered":"Admisi\u00f3n 2027"},"content":{"rendered":"\n<blockquote class=\"wp-block-quote is-layout-flow wp-block-quote-is-layout-flow\">\n<p class=\"has-text-align-center\"><em>El Colegio Tantauco El Bosque se encuentra con su proceso de\u00a0<\/em><strong>Admisi\u00f3n 2027<\/strong><em>\u00a0abierto para alumnos de Pre K\u00ednder a IV\u00b0 Medio.<\/em><\/p>\n<\/blockquote>\n\n\n\n<p>Somos un colegio con 31 a\u00f1os de trayectoria, particular, cat\u00f3lico, mixto, y sin fines de lucro, perteneciente a la Fundaci\u00f3n Arturo Merino Ben\u00edtez.<\/p>\n\n\n\n<p><strong>Contamos con:<\/strong><\/p>\n\n\n\n<ul class=\"wp-block-list\">\n<li><strong>6 horas de Ingl\u00e9s Intensivo semanales desde Pre K\u00ednder y Certificaci\u00f3n Gratuita en 2 niveles de la Etapa Escolar<\/strong>.<\/li>\n\n\n\n<li><strong>Aplicaci\u00f3n de Prueba Psicoeducativa (CEIS)gratuita para medir aptitudes, habilidades y m\u00e9todos de estudio.<\/strong><\/li>\n\n\n\n<li><strong>Proceso de Admisi\u00f3n abierto todo el a\u00f1o<\/strong>.<\/li>\n\n\n\n<li><strong>Puntajes sobre 900 en la PAES 2024<\/strong>.<\/li>\n\n\n\n<li><strong>1\u00b0 Lugar Simce comuna El Bosque<\/strong>.<\/li>\n<\/ul>\n\n\n\n<p>Si desea visitarnos y conocer nuestras instalaciones debe comunicarse con Secretar\u00eda<\/p>\n\n\n\n<p>Admisi\u00f3n:&nbsp;&nbsp;<strong>+(569) 35274397&nbsp; &nbsp;&#8211;&nbsp; &nbsp;+(56)22 3322011<\/strong> <\/p>\n\n\n\n<p>El horario de atenci\u00f3n es de&nbsp;<strong>8:00 a 16:00 horas.<\/strong><\/p>\n\n\n\n<p>Finanzas:&nbsp;<strong>+(569) 73409952&nbsp; &nbsp; &#8211;&nbsp; +(56)223322041<\/strong><\/p>\n\n\n\n<h4 class=\"wp-block-heading has-text-align-center has-text-color has-link-color wp-elements-b2841bf74bcb16e777f5f58f510d3d08\" style=\"color:#291d82\"><strong>PROCESO DE POSTULACI\u00d3N Y MATR\u00cdCULA<\/strong><\/h4>\n\n\n\n<div style=\"height:40px\" aria-hidden=\"true\" class=\"wp-block-spacer\"><\/div>\n\n\n\n<h2 class=\"wp-block-heading has-black-color has-text-color has-link-color has-medium-font-size wp-elements-87e365c8d72b6150447e473e4b617ba6\">Recepci\u00f3n y Evaluaci\u00f3n de Documentos<\/h2>\n\n\n\n<p>Para realizar la&nbsp;Postulaci\u00f3n&nbsp;a nuestro colegio el apoderado deber\u00e1 reunir la siguiente documentaci\u00f3n obligatoria, envi\u00e1ndolos&nbsp;en su&nbsp;<strong>totalidad<\/strong>&nbsp;al siguiente correo electr\u00f3nico:&nbsp;&nbsp;<strong>postulacionestantauco@fundacionamb.cl&nbsp;<\/strong><\/p>\n\n\n\n<p><em><strong>Los documentos deben ser enviados en formato PDF, no fotos.&nbsp;<\/strong><\/em><\/p>\n\n\n\n<p><strong>(*) Edad m\u00ednima\u00a0de postulaci\u00f3n:<\/strong><br>Pre K\u00ednder: 4 a\u00f1os cumplidos al 31 de Marzo del 2027.<br>K\u00ednder: 5 a\u00f1os cumplidos al 31 de Marzo del 2027.<br>Primero B\u00e1sico: 6 a\u00f1os cumplidos al 31 de Marzo del 2027.<\/p>\n\n\n\n<p><strong>De Pre K\u00ednder a 1\u00b0 de Ense\u00f1anza B\u00e1sica<\/strong><\/p>\n\n\n\n<p>1.- <a href=\"https:\/\/colegiotantauco.cl\/ct2024\/wp-content\/uploads\/2025\/07\/FICHA-ADMISION-EDITABLE.pdf\" data-type=\"link\" data-id=\"https:\/\/colegiotantauco.cl\/ct2024\/wp-content\/uploads\/2025\/07\/FICHA-ADMISION-EDITABLE.pdf\" target=\"_blank\" rel=\"noreferrer noopener\">Ficha de Admisi\u00f3n<\/a> (Clic para descargar).<br>2.- <a href=\"https:\/\/colegiotantauco.cl\/ct2024\/wp-content\/uploads\/2025\/07\/CONSENTIMIENTO-INFORMADO-DE-EVALUACION-2-1.pdf\" data-type=\"link\" data-id=\"https:\/\/colegiotantauco.cl\/ct2024\/wp-content\/uploads\/2025\/07\/CONSENTIMIENTO-INFORMADO-DE-EVALUACION-2-1.pdf\" target=\"_blank\" rel=\"noreferrer noopener\">Consentimiento Informado de Evaluaci\u00f3n<\/a> (Clic para descargar)<br>3.- Certificado de Nacimiento para Matr\u00edcula.<br>4.- Fotocopia Carnet de Identidad por ambos lados de padres y ni\u00f1o (a).<br>5.- Certificado de Vacunas al D\u00eda.<br>6.- Informe Jard\u00edn Infantil.<br>7.- Informe y\/o resultados de examen m\u00e9dico en caso de haber declarado alguna condici\u00f3n de salud en la Ficha de Antecedentes Personales.<br>8.- Informe de especialistas tratantes, en caso de tener un diagn\u00f3stico y\/o estar en tratamiento.<\/p>\n\n\n\n<p><strong>De 2\u00b0 B\u00e1sico a IV A\u00f1o de Ense\u00f1anza Media<\/strong><\/p>\n\n\n\n<p>1.- <a href=\"https:\/\/colegiotantauco.cl\/ct2024\/wp-content\/uploads\/2025\/07\/FICHA-ADMISION-EDITABLE.pdf\" data-type=\"link\" data-id=\"https:\/\/colegiotantauco.cl\/ct2024\/wp-content\/uploads\/2025\/07\/FICHA-ADMISION-EDITABLE.pdf\" target=\"_blank\" rel=\"noreferrer noopener\">Ficha de Admisi\u00f3n<\/a> (Clic para descargar).<br>2.- Consentimiento Informado de Evaluaci\u00f3n (Clic para descargar)<br>3.- Certificado de Nacimiento para Matr\u00edcula.<br>4.- Fotocopia Carnet de Identidad por ambos lados de padres y ni\u00f1o (a).<br>5.- Certificado de Promoci\u00f3n de Curso: de, a lo menos, los \u00faltimos dos a\u00f1os.<br>6.- Certificado de Notas (a la fecha).<br>7.- Informe de Personalidad de los \u00faltimos dos a\u00f1os emitido por las autoridades del colegio de procedencia.<br>8.-&nbsp; Informe y\/o resultado de examen m\u00e9dico en caso de haber declarado alguna condici\u00f3n de salud en la Ficha de Antecedentes Personales.<br>9.- Informes de especialistas tratantes, en caso de tener un diagn\u00f3stico y\/o estar en tratamiento m\u00e9dico.<\/p>\n\n\n\n<h2 class=\"wp-block-heading has-medium-font-size\">Postulantes de otras regiones y del extranjero<\/h2>\n\n\n\n<p class=\"has-medium-font-size\">Se informa que para el personal de la\u00a0<strong>Fuerza A\u00e9rea<\/strong> u otras instituciones que deban cumplir destinaciones para el per\u00edodo 2027,\u00a0 habr\u00e1 flexibilidad en cuanto a los plazos. Interesados en postular deben enviar solicitud de vacante y documentaci\u00f3n al siguiente correo electr\u00f3nico: postulacionestantauco@fundacionamb.cl<strong>\u00a0<\/strong><\/p>\n\n\n\n<p class=\"has-medium-font-size\">Una vez concluida la Evaluaci\u00f3n de los Documentos, la Secretaria de Rector\u00eda informar\u00e1 a los padres y\/o apoderados, v\u00eda correo electr\u00f3nico, el resultado de la misma y asignar\u00e1 una fecha y una hora para realizar al postulante el Diagn\u00f3stico Psicopedag\u00f3gico y\/o Acad\u00e9mico, seg\u00fan corresponda.<\/p>\n\n\n\n<h2 class=\"wp-block-heading has-medium-font-size\">Diagn\u00f3stico Psicopedag\u00f3gico y\/o Acad\u00e9mico y Entrevista Personal<\/h2>\n\n\n\n<p class=\"has-medium-font-size\">En caso de que la postulaci\u00f3n sea para los cursos de Pre K\u00ednder, K\u00ednder y\/o Primero B\u00e1sico, el postulante deber\u00e1 realizar un Diagn\u00f3stico Psicopedag\u00f3gico.<\/p>\n\n\n\n<p class=\"has-medium-font-size\">En el caso de que la postulaci\u00f3n sea de Segundo B\u00e1sico a IV\u00b0 A\u00f1o Medio, el postulante deber\u00e1 realizar un Diagn\u00f3stico Acad\u00e9mico y luego, un Diagn\u00f3stico Psicoafectivo.<\/p>\n\n\n\n<p class=\"has-medium-font-size\">El Diagn\u00f3stico Acad\u00e9mico (aplicado a estudiantes que postulan de Segundo B\u00e1sico hasta Cuarto A\u00f1o Medio) corresponde a dos Pruebas de Diagn\u00f3stico separadas, aplicadas para las asignaturas de Lenguaje y Matem\u00e1tica.<\/p>\n\n\n\n<p class=\"has-medium-font-size\">En la asignatura de Lenguaje, el postulante ser\u00e1 evaluado en dos ejes principales: Lectura (Interpretaci\u00f3n de Textos; Tipolog\u00eda; Estructura y Prop\u00f3sito) y Escritura (Prop\u00f3sito de la Escritura \u2013 Manejo de la Lengua).<\/p>\n\n\n\n<p class=\"has-medium-font-size\">En la asignatura de Matem\u00e1tica, se consideran los siguientes ejes a evaluar dependiendo del curso al que se postula:<\/p>\n\n\n\n<p class=\"has-medium-font-size\"><strong>De 2\u00b0 a 6\u00b0 B\u00e1sico:<\/strong><br>N\u00fameros y Operaciones.<br>Patrones y \u00c1lgebra.<br>Geometr\u00eda.<br>Datos y Probabilidad.<\/p>\n\n\n\n<p class=\"has-medium-font-size\"><strong>De 7\u00b0 a IV\u00b0 Medio:<\/strong><br>N\u00fameros.<br>\u00c1lgebra y Funciones.<br>Geometr\u00eda.<br>Probabilidad y Estad\u00edstica.<\/p>\n\n\n\n<p class=\"has-medium-font-size\">En ambas asignaturas (Lenguaje y Matem\u00e1tica) los Ejes Curriculares seleccionados poseen objetivos de aprendizaje incluidos en el Curriculum Nacional y son parte de los contenidos m\u00ednimos exigidos para cada nivel, por lo tanto, contienen los aprendizajes claves que deben adquirir los y las estudiantes a lo largo de su trayectoria escolar en las asignaturas referidas.<\/p>\n\n\n\n<p class=\"has-medium-font-size\">Diagn\u00f3stico de Competencias Psicoafectivas: esta evaluaci\u00f3n ser\u00e1 realizada por la Psic\u00f3loga del colegio, mediante pruebas diferenciadas, dependiendo del curso al cual postula el interesado.<br>Asimismo, en esta fase se proceder\u00e1 a entrevistar a la familia y al postulante.<\/p>\n\n\n\n<div style=\"height:30px\" aria-hidden=\"true\" class=\"wp-block-spacer\"><\/div>\n\n\n\n<h2 class=\"wp-block-heading has-medium-font-size\">Respuesta de Admisi\u00f3n y Matr\u00edcula<\/h2>\n\n\n\n<p class=\"has-medium-font-size\">La comunicaci\u00f3n de la aceptaci\u00f3n del postulante se realizar\u00e1 mediante un correo electr\u00f3nico que enviar\u00e1 la Secretaria de Rector\u00eda al apoderado.<\/p>\n\n\n\n<p class=\"has-medium-font-size\">En dicho correo electr\u00f3nico se le informar\u00e1 lo siguiente:<br>\u2013 Fecha y hora de entrevista con el Rector del colegio para bienvenida formal.<br>\u2013 Datos de contacto con el Habilitado Contable del colegio para pago de matr\u00edcula.<\/p>\n\n\n\n<p class=\"has-medium-font-size\">Una vez aceptado el postulante, el sostenedor dispone de un&nbsp;<strong>plazo de 15 d\u00edas de corrido&nbsp;<\/strong>para concretar la matricula y asegurar la vacante.<\/p>\n\n\n\n<p class=\"has-medium-font-size\">Para esto, el sostenedor debe agendar una Fecha de Matr\u00edcula con el Habilitado Contable del colegio (datos en el correo de aceptaci\u00f3n del postulante) y dar curso presencial al pago.<\/p>\n\n\n\n<p class=\"has-medium-font-size\">Una vez matriculado el alumno, termina el Proceso de Admisi\u00f3n y Matr\u00edcula del nuevo estudiante.<\/p>\n\n\n\n<p><\/p>\n","protected":false},"excerpt":{"rendered":"<p>El Colegio Tantauco El Bosque se encuentra con su proceso de\u00a0Admisi\u00f3n 2027\u00a0abierto para alumnos de Pre K\u00ednder a IV\u00b0 Medio. [&hellip;]<\/p>\n","protected":false},"author":1,"featured_media":0,"parent":0,"menu_order":0,"comment_status":"closed","ping_status":"closed","template":"","meta":{"footnotes":""},"class_list":["post-6965","page","type-page","status-publish","hentry"],"_links":{"self":[{"href":"https:\/\/colegiotantauco.cl\/ct2024\/wp-json\/wp\/v2\/pages\/6965","targetHints":{"allow":["GET"]}}],"collection":[{"href":"https:\/\/colegiotantauco.cl\/ct2024\/wp-json\/wp\/v2\/pages"}],"about":[{"href":"https:\/\/colegiotantauco.cl\/ct2024\/wp-json\/wp\/v2\/types\/page"}],"author":[{"embeddable":true,"href":"https:\/\/colegiotantauco.cl\/ct2024\/wp-json\/wp\/v2\/users\/1"}],"replies":[{"embeddable":true,"href":"https:\/\/colegiotantauco.cl\/ct2024\/wp-json\/wp\/v2\/comments?post=6965"}],"version-history":[{"count":5,"href":"https:\/\/colegiotantauco.cl\/ct2024\/wp-json\/wp\/v2\/pages\/6965\/revisions"}],"predecessor-version":[{"id":13262,"href":"https:\/\/colegiotantauco.cl\/ct2024\/wp-json\/wp\/v2\/pages\/6965\/revisions\/13262"}],"wp:attachment":[{"href":"https:\/\/colegiotantauco.cl\/ct2024\/wp-json\/wp\/v2\/media?parent=6965"}],"curies":[{"name":"wp","href":"https:\/\/api.w.org\/{rel}","templated":true}]}}