{"id":6904,"date":"2024-01-23T10:34:08","date_gmt":"2024-01-23T13:34:08","guid":{"rendered":"https:\/\/colegiotantauco.cl\/ct2024\/?page_id=6904"},"modified":"2024-06-04T13:40:50","modified_gmt":"2024-06-04T16:40:50","slug":"pastoral","status":"publish","type":"page","link":"https:\/\/colegiotantauco.cl\/ct2024\/pastoral\/","title":{"rendered":"Pastoral"},"content":{"rendered":"\n<blockquote class=\"wp-block-quote is-layout-flow wp-block-quote-is-layout-flow\">\n<p class=\"has-text-align-center\">El Colegio Tantauco El Bosque est\u00e1 reconocido por la Iglesia Cat\u00f3lica a trav\u00e9s de la Vicar\u00eda de la Educaci\u00f3n. Y desde esta perspectiva, formamos en nuestros estudiantes el valor de la espiritualidad y solidaridad, desde los niveles Pre Escolares, realizando m\u00faltiples actividades religiosas y reflexivas que les permitan una s\u00f3lida formaci\u00f3n cimentada en valores cat\u00f3licos.<\/p>\n<\/blockquote>\n","protected":false},"excerpt":{"rendered":"<p>El Colegio Tantauco El Bosque est\u00e1 reconocido por la Iglesia Cat\u00f3lica a trav\u00e9s de la Vicar\u00eda de la Educaci\u00f3n. Y [&hellip;]<\/p>\n","protected":false},"author":1,"featured_media":0,"parent":0,"menu_order":0,"comment_status":"closed","ping_status":"closed","template":"","meta":{"footnotes":""},"class_list":["post-6904","page","type-page","status-publish","hentry"],"_links":{"self":[{"href":"https:\/\/colegiotantauco.cl\/ct2024\/wp-json\/wp\/v2\/pages\/6904","targetHints":{"allow":["GET"]}}],"collection":[{"href":"https:\/\/colegiotantauco.cl\/ct2024\/wp-json\/wp\/v2\/pages"}],"about":[{"href":"https:\/\/colegiotantauco.cl\/ct2024\/wp-json\/wp\/v2\/types\/page"}],"author":[{"embeddable":true,"href":"https:\/\/colegiotantauco.cl\/ct2024\/wp-json\/wp\/v2\/users\/1"}],"replies":[{"embeddable":true,"href":"https:\/\/colegiotantauco.cl\/ct2024\/wp-json\/wp\/v2\/comments?post=6904"}],"version-history":[{"count":5,"href":"https:\/\/colegiotantauco.cl\/ct2024\/wp-json\/wp\/v2\/pages\/6904\/revisions"}],"predecessor-version":[{"id":8187,"href":"https:\/\/colegiotantauco.cl\/ct2024\/wp-json\/wp\/v2\/pages\/6904\/revisions\/8187"}],"wp:attachment":[{"href":"https:\/\/colegiotantauco.cl\/ct2024\/wp-json\/wp\/v2\/media?parent=6904"}],"curies":[{"name":"wp","href":"https:\/\/api.w.org\/{rel}","templated":true}]}}