{"id":6900,"date":"2024-01-23T10:29:09","date_gmt":"2024-01-23T13:29:09","guid":{"rendered":"https:\/\/colegiotantauco.cl\/ct2024\/?page_id=6900"},"modified":"2024-06-04T12:42:07","modified_gmt":"2024-06-04T15:42:07","slug":"ensenanza-media","status":"publish","type":"page","link":"https:\/\/colegiotantauco.cl\/ct2024\/ensenanza-media\/","title":{"rendered":"Ense\u00f1anza Media"},"content":{"rendered":"\n<blockquote class=\"wp-block-quote is-layout-flow wp-block-quote-is-layout-flow\">\n<p class=\"has-text-align-center\">En esta etapa y final de su educaci\u00f3n formal obligatoria, los estudiantes se preparan para solidificar sus aprendizajes y ser orientados en busca de su vocaci\u00f3n. Por tal motivo son preparados para enfrentar los desaf\u00edos que encontrar\u00e1n en la Educaci\u00f3n Superior<\/p>\n<\/blockquote>\n","protected":false},"excerpt":{"rendered":"<p>En esta etapa y final de su educaci\u00f3n formal obligatoria, los estudiantes se preparan para solidificar sus aprendizajes y ser [&hellip;]<\/p>\n","protected":false},"author":1,"featured_media":0,"parent":0,"menu_order":0,"comment_status":"closed","ping_status":"closed","template":"","meta":{"footnotes":""},"class_list":["post-6900","page","type-page","status-publish","hentry"],"_links":{"self":[{"href":"https:\/\/colegiotantauco.cl\/ct2024\/wp-json\/wp\/v2\/pages\/6900","targetHints":{"allow":["GET"]}}],"collection":[{"href":"https:\/\/colegiotantauco.cl\/ct2024\/wp-json\/wp\/v2\/pages"}],"about":[{"href":"https:\/\/colegiotantauco.cl\/ct2024\/wp-json\/wp\/v2\/types\/page"}],"author":[{"embeddable":true,"href":"https:\/\/colegiotantauco.cl\/ct2024\/wp-json\/wp\/v2\/users\/1"}],"replies":[{"embeddable":true,"href":"https:\/\/colegiotantauco.cl\/ct2024\/wp-json\/wp\/v2\/comments?post=6900"}],"version-history":[{"count":5,"href":"https:\/\/colegiotantauco.cl\/ct2024\/wp-json\/wp\/v2\/pages\/6900\/revisions"}],"predecessor-version":[{"id":8156,"href":"https:\/\/colegiotantauco.cl\/ct2024\/wp-json\/wp\/v2\/pages\/6900\/revisions\/8156"}],"wp:attachment":[{"href":"https:\/\/colegiotantauco.cl\/ct2024\/wp-json\/wp\/v2\/media?parent=6900"}],"curies":[{"name":"wp","href":"https:\/\/api.w.org\/{rel}","templated":true}]}}