{"id":6892,"date":"2024-01-23T10:23:51","date_gmt":"2024-01-23T13:23:51","guid":{"rendered":"https:\/\/colegiotantauco.cl\/ct2024\/?page_id=6892"},"modified":"2024-06-03T13:29:29","modified_gmt":"2024-06-03T16:29:29","slug":"educacion-parvularia","status":"publish","type":"page","link":"https:\/\/colegiotantauco.cl\/ct2024\/educacion-parvularia\/","title":{"rendered":"Educaci\u00f3n Parvularia"},"content":{"rendered":"\n<blockquote class=\"wp-block-quote is-layout-flow wp-block-quote-is-layout-flow\">\n<p class=\"has-text-align-center\">Los ni\u00f1os y ni\u00f1as de este nivel realizan aprendizajes acorde a su edad, en salas confortables y equipadas de acuerdo a la tecnolog\u00eda educativa. Son asistidos por educadoras y t\u00e9cnicos con un alto compromiso profesional quienes est\u00e1n constantemente ocupadas del desarrollo acad\u00e9mico, emocional y formativo del grupo etario.<\/p>\n<\/blockquote>\n","protected":false},"excerpt":{"rendered":"<p>Los ni\u00f1os y ni\u00f1as de este nivel realizan aprendizajes acorde a su edad, en salas confortables y equipadas de acuerdo [&hellip;]<\/p>\n","protected":false},"author":1,"featured_media":0,"parent":0,"menu_order":0,"comment_status":"closed","ping_status":"closed","template":"","meta":{"footnotes":""},"class_list":["post-6892","page","type-page","status-publish","hentry"],"_links":{"self":[{"href":"https:\/\/colegiotantauco.cl\/ct2024\/wp-json\/wp\/v2\/pages\/6892","targetHints":{"allow":["GET"]}}],"collection":[{"href":"https:\/\/colegiotantauco.cl\/ct2024\/wp-json\/wp\/v2\/pages"}],"about":[{"href":"https:\/\/colegiotantauco.cl\/ct2024\/wp-json\/wp\/v2\/types\/page"}],"author":[{"embeddable":true,"href":"https:\/\/colegiotantauco.cl\/ct2024\/wp-json\/wp\/v2\/users\/1"}],"replies":[{"embeddable":true,"href":"https:\/\/colegiotantauco.cl\/ct2024\/wp-json\/wp\/v2\/comments?post=6892"}],"version-history":[{"count":4,"href":"https:\/\/colegiotantauco.cl\/ct2024\/wp-json\/wp\/v2\/pages\/6892\/revisions"}],"predecessor-version":[{"id":8138,"href":"https:\/\/colegiotantauco.cl\/ct2024\/wp-json\/wp\/v2\/pages\/6892\/revisions\/8138"}],"wp:attachment":[{"href":"https:\/\/colegiotantauco.cl\/ct2024\/wp-json\/wp\/v2\/media?parent=6892"}],"curies":[{"name":"wp","href":"https:\/\/api.w.org\/{rel}","templated":true}]}}